{"id":495,"date":"2025-02-18T07:19:53","date_gmt":"2025-02-18T07:19:53","guid":{"rendered":"https:\/\/afscotedivoire.com\/projects\/"},"modified":"2025-11-10T10:03:04","modified_gmt":"2025-11-10T10:03:04","slug":"projects","status":"publish","type":"page","link":"https:\/\/afscotedivoire.com\/fr\/projects\/","title":{"rendered":"exhibit"},"content":{"rendered":"<div class=\"wp-block-uagb-container uagb-block-4211017a alignfull uagb-is-root-container\"><div class=\"uagb-container-inner-blocks-wrap\">\n<div class=\"wp-block-uagb-info-box uagb-block-569e3333 uagb-infobox__content-wrap  uagb-infobox-icon-above-title uagb-infobox-image-valign-top wp-block-uagb-info-box--has-margin\"><div class=\"uagb-infobox-margin-wrapper\"><div class=\"uagb-ifb-content\"><div class=\"uagb-ifb-title-wrap\"><h2 class=\"uagb-ifb-title\">EXPOSANTS<\/h2><\/div><\/div><\/div><\/div>\n<\/div><\/div>\n\n\n\n<div class=\"wp-block-uagb-container uagb-block-52be6acf alignfull uagb-is-root-container\"><div class=\"uagb-container-inner-blocks-wrap\">\n<div class=\"wp-block-uagb-info-box uagb-block-86a9b711 uagb-infobox__content-wrap  uagb-infobox-icon-above-title uagb-infobox-image-valign-top\"><div class=\"uagb-ifb-content\"><div class=\"uagb-ifb-title-wrap\"><h3 class=\"uagb-ifb-title-prefix\">Pourquoi exposer ?<\/h3><h2 class=\"uagb-ifb-title\">ACC\u00c9DER \u00c0 DE NOUVEAUX MARCH\u00c9S ET CR\u00c9ER DES PARTENARIATS<\/h2><\/div><\/div><\/div>\n<\/div><\/div>\n\n\n\n<div class=\"wp-block-uagb-container uagb-layout-flex uagb-block-cd1b7025 alignfull uagb-is-root-container\">\n<div class=\"wp-block-uagb-container uagb-layout-flex uagb-block-a0acdf8c\">\n<div class=\"wp-block-uagb-advanced-heading uagb-block-df5c2a61\"><h5 class=\"uagb-heading-text\">G\u00e9n\u00e9rer des prospects<\/h5><p class=\"uagb-desc-text translation-block\">de plus de 5 000\nvisiteurs professionnels<\/p><\/div>\n<\/div>\n\n\n\n<div class=\"wp-block-uagb-container uagb-block-0d27ba32\">\n<div class=\"wp-block-uagb-advanced-heading uagb-block-f496d8a9\"><h5 class=\"uagb-heading-text\">Matchmaking B2B<\/h5><p class=\"uagb-desc-text translation-block\">Des s\u00e9ances sur mesure pour entrer en contact avec les d\u00e9cideurs et s\u00e9curiser les partenariats<\/p><\/div>\n<\/div>\n\n\n\n<div class=\"wp-block-uagb-container uagb-block-2ceea063\">\n<div class=\"wp-block-uagb-advanced-heading uagb-block-d86778c9\"><h5 class=\"uagb-heading-text\">Visibilit\u00e9 mondiale<\/h5><p class=\"uagb-desc-text translation-block\">Renforcez la pr\u00e9sence de votre marque gr\u00e2ce \u00e0 une couverture m\u00e9diatique \u00e9tendue et au r\u00e9seautage.<\/p><\/div>\n<\/div>\n<\/div>\n\n\n\n<div class=\"wp-block-uagb-container uagb-block-f00369f2 alignfull uagb-is-root-container\"><div class=\"uagb-container-inner-blocks-wrap\">\n<div class=\"wp-block-uagb-info-box uagb-block-9963bd1a uagb-infobox__content-wrap  uagb-infobox-icon-above-title uagb-infobox-image-valign-top\"><div class=\"uagb-ifb-content\"><div class=\"uagb-ifb-title-wrap\"><h2 class=\"uagb-ifb-title\">Profil de l'exposant<\/h2><\/div><p class=\"uagb-ifb-desc\"><strong>AFS couvre l'ensemble de l'\u00e9cosyst\u00e8me alimentaire, avec des secteurs sp\u00e9cialis\u00e9s pour assurer un engagement cibl\u00e9<\/strong><\/p><\/div><\/div>\n<\/div><\/div>\n\n\n\n<div class=\"wp-block-uagb-container uagb-layout-grid uagb-block-757ea156 alignfull uagb-is-root-container\"><div class=\"uagb-container-inner-blocks-wrap\">\n<div class=\"wp-block-uagb-container uagb-block-170d3531\">\n<div class=\"wp-block-uagb-info-box uagb-block-25db2200 uagb-infobox__content-wrap  uagb-infobox-icon-above-title uagb-infobox-image-valign-top wp-block-uagb-info-box--has-margin\"><div class=\"uagb-infobox-margin-wrapper\"><div class=\"uagb-ifb-content\"><div class=\"uagb-ifb-title-wrap\"><h5 class=\"uagb-ifb-title translation-block\">Ingr\u00e9dients alimentaires et\nproduits de sp\u00e9cialit\u00e9<\/h5><\/div><\/div><\/div><\/div>\n<\/div>\n\n\n\n<div class=\"wp-block-uagb-container uagb-block-d5b2f77c\">\n<div class=\"wp-block-uagb-info-box uagb-block-857e06d0 uagb-infobox__content-wrap  uagb-infobox-icon-above-title uagb-infobox-image-valign-top wp-block-uagb-info-box--has-margin\"><div class=\"uagb-infobox-margin-wrapper\"><div class=\"uagb-ifb-content\"><div class=\"uagb-ifb-title-wrap\"><h5 class=\"uagb-ifb-title translation-block\">Transformation et\nfabrication des aliments<\/h5><\/div><\/div><\/div><\/div>\n<\/div>\n\n\n\n<div class=\"wp-block-uagb-container uagb-block-be4d85fa\">\n<div class=\"wp-block-uagb-info-box uagb-block-5aba3a07 uagb-infobox__content-wrap  uagb-infobox-icon-above-title uagb-infobox-image-valign-top wp-block-uagb-info-box--has-margin\"><div class=\"uagb-infobox-margin-wrapper\"><div class=\"uagb-ifb-content\"><div class=\"uagb-ifb-title-wrap\"><h5 class=\"uagb-ifb-title translation-block\">Boissons et\nboissons fonctionnelles<\/h5><\/div><\/div><\/div><\/div>\n<\/div>\n\n\n\n<div class=\"wp-block-uagb-container uagb-block-7c5578b5\">\n<div class=\"wp-block-uagb-info-box uagb-block-f81c7e0d uagb-infobox__content-wrap  uagb-infobox-icon-above-title uagb-infobox-image-valign-top wp-block-uagb-info-box--has-margin\"><div class=\"uagb-infobox-margin-wrapper\"><div class=\"uagb-ifb-content\"><div class=\"uagb-ifb-title-wrap\"><h5 class=\"uagb-ifb-title translation-block\">Emballage et \u00e9tiquetage des aliments durables<\/h5><\/div><\/div><\/div><\/div>\n<\/div>\n\n\n\n<div class=\"wp-block-uagb-container uagb-block-6f44dacc\">\n<div class=\"wp-block-uagb-info-box uagb-block-7677e94f uagb-infobox__content-wrap  uagb-infobox-icon-above-title uagb-infobox-image-valign-top wp-block-uagb-info-box--has-margin\"><div class=\"uagb-infobox-margin-wrapper\"><div class=\"uagb-ifb-content\"><div class=\"uagb-ifb-title-wrap\"><h5 class=\"uagb-ifb-title translation-block\">Prot\u00e9ines v\u00e9g\u00e9tales et alternatives<\/h5><\/div><\/div><\/div><\/div>\n<\/div>\n\n\n\n<div class=\"wp-block-uagb-container uagb-block-8d4d74d9\">\n<div class=\"wp-block-uagb-info-box uagb-block-df947b96 uagb-infobox__content-wrap  uagb-infobox-icon-above-title uagb-infobox-image-valign-top wp-block-uagb-info-box--has-margin\"><div class=\"uagb-infobox-margin-wrapper\"><div class=\"uagb-ifb-content\"><div class=\"uagb-ifb-title-wrap\"><h5 class=\"uagb-ifb-title translation-block\">Sp\u00e9cialit\u00e9s r\u00e9gionales<\/h5><\/div><\/div><\/div><\/div>\n<\/div>\n\n\n\n<div class=\"wp-block-uagb-container uagb-block-4db94e03\">\n<div class=\"wp-block-uagb-info-box uagb-block-94a55227 uagb-infobox__content-wrap  uagb-infobox-icon-above-title uagb-infobox-image-valign-top wp-block-uagb-info-box--has-margin\"><div class=\"uagb-infobox-margin-wrapper\"><div class=\"uagb-ifb-content\"><div class=\"uagb-ifb-title-wrap\"><h5 class=\"uagb-ifb-title translation-block\">S\u00e9curit\u00e9 alimentaire et\nassurance qualit\u00e9<\/h5><\/div><\/div><\/div><\/div>\n<\/div>\n\n\n\n<div class=\"wp-block-uagb-container uagb-block-5ecda229\">\n<div class=\"wp-block-uagb-info-box uagb-block-7ef00bc1 uagb-infobox__content-wrap  uagb-infobox-icon-above-title uagb-infobox-image-valign-top wp-block-uagb-info-box--has-margin\"><div class=\"uagb-infobox-margin-wrapper\"><div class=\"uagb-ifb-content\"><div class=\"uagb-ifb-title-wrap\"><h5 class=\"uagb-ifb-title translation-block\">Agriculture et \u00e9levage intelligents<\/h5><\/div><\/div><\/div><\/div>\n<\/div>\n\n\n\n<div class=\"wp-block-uagb-container uagb-block-a3f0357b\">\n<div class=\"wp-block-uagb-info-box uagb-block-b4178e20 uagb-infobox__content-wrap  uagb-infobox-icon-above-title uagb-infobox-image-valign-top wp-block-uagb-info-box--has-margin\"><div class=\"uagb-infobox-margin-wrapper\"><div class=\"uagb-ifb-content\"><div class=\"uagb-ifb-title-wrap\"><h5 class=\"uagb-ifb-title translation-block\">Cha\u00eene d'approvisionnement alimentaire\net logistique<\/h5><\/div><\/div><\/div><\/div>\n<\/div>\n<\/div><\/div>\n\n\n\n<div class=\"wp-block-uagb-container uagb-block-53791978 alignfull uagb-is-root-container\"><div class=\"uagb-container-inner-blocks-wrap\"><\/div><\/div>\n\n\n\n<div class=\"wp-block-uagb-container uagb-block-5bad30a3 alignfull uagb-is-root-container\">\n<div class=\"wp-block-uagb-container uagb-block-609a4eb7\">\n<div class=\"wp-block-uagb-info-box uagb-block-0ee045e7 uagb-infobox__content-wrap  uagb-infobox-icon-above-title uagb-infobox-image-valign-top\"><div class=\"uagb-ifb-content\"><div class=\"uagb-ifb-title-wrap\"><h3 class=\"uagb-ifb-title\">Format de l'\u00e9v\u00e9nement<\/h3><\/div><p class=\"uagb-ifb-desc\">L'\u00e9v\u00e9nement propose \u00e9galement un matchmaking B2B organis\u00e9 et un salon de r\u00e9seautage d\u00e9di\u00e9, mettant en relationles participants avec des acheteurs cl\u00e9s, des leaders de ladistribution et de lindustrie.<\/p><\/div><\/div>\n<\/div>\n\n\n\n<div class=\"wp-block-uagb-container uagb-block-2e894038\">\n<div class=\"wp-block-uagb-info-box uagb-block-56904a7c uagb-infobox__content-wrap  uagb-infobox-icon-above-title uagb-infobox-image-valign-top\"><div class=\"uagb-ifb-content\"><div class=\"uagb-ifb-title-wrap\"><h3 class=\"uagb-ifb-title\">Liens rapides<\/h3><\/div><p class=\"uagb-ifb-desc\">Accueil<br>\u00c0 propos<br>Exposition<br><a href=\"https:\/\/miegroups.com\/privacy-policy-terms-of-use\/\" target=\"_blank\" rel=\"noopener\" title=\"\">Privacy Policy &amp; Terms of Use<\/a><\/p><\/div><\/div>\n<\/div>\n\n\n\n<div class=\"wp-block-uagb-container uagb-layout-grid uagb-block-304581a2\">\n<div class=\"wp-block-uagb-info-box uagb-block-0d90ecf0 uagb-infobox__content-wrap  uagb-infobox-icon-above-title uagb-infobox-image-valign-top\"><div class=\"uagb-ifb-content\"><div class=\"uagb-ifb-title-wrap\"><h3 class=\"uagb-ifb-title\">Contactez-nous<\/h3><\/div><p class=\"uagb-ifb-desc\"><strong>Noel Puno<\/strong><br>Directeur _Ventes et projets internationaux<br>+971 50 269 7037<br>noel.puno@mieevents.com<\/p><\/div><\/div>\n\n\n\n<div class=\"wp-block-uagb-info-box uagb-block-f1e0fa1f uagb-infobox__content-wrap  uagb-infobox-icon-above-title uagb-infobox-image-valign-top\"><div class=\"uagb-ifb-content\"><div class=\"uagb-ifb-title-wrap\"><\/div><p class=\"uagb-ifb-desc\">Meloida Caridad<br>+ 971 4 425 3337<br>+971 58 960 591<br>www.miegroups.com<br>meloida.caridad@mail.mieevents.com<br><\/p><\/div><\/div>\n\n\n\n<div class=\"wp-block-uagb-info-box uagb-block-d04b1087 uagb-infobox__content-wrap  uagb-infobox-icon-above-title uagb-infobox-image-valign-top\"><div class=\"uagb-ifb-content\"><div class=\"uagb-ifb-title-wrap\"><\/div><p class=\"uagb-ifb-desc\"><strong>Abderrazak HILAL<br><\/strong>Directeur des ventes Maroc et Afrique de l\u2018Ouest<br>+212 663-76 21 59<br>abderrazak.hilal@mieevents.com<\/p><\/div><\/div>\n<\/div>\n<\/div>","protected":false},"excerpt":{"rendered":"<p>Generate leads from over 5,000professional visitors B2B Matchmaking Tailored sessions to connectwith decision-makers and secure partneship Global Visibility Strengthen your brandpresence through extensivemedia coverage andnetworking.<\/p>","protected":false},"author":1,"featured_media":0,"parent":0,"menu_order":0,"comment_status":"closed","ping_status":"open","template":"","meta":{"_uag_custom_page_level_css":"","site-sidebar-layout":"no-sidebar","site-content-layout":"plain-container","ast-site-content-layout":"normal-width-container","site-content-style":"unboxed","site-sidebar-style":"unboxed","ast-global-header-display":"","ast-banner-title-visibility":"","ast-main-header-display":"","ast-hfb-above-header-display":"","ast-hfb-below-header-display":"","ast-hfb-mobile-header-display":"","site-post-title":"disabled","ast-breadcrumbs-content":"","ast-featured-img":"disabled","footer-sml-layout":"","ast-disable-related-posts":"","theme-transparent-header-meta":"enabled","adv-header-id-meta":"","stick-header-meta":"","header-above-stick-meta":"","header-main-stick-meta":"","header-below-stick-meta":"","astra-migrate-meta-layouts":"set","ast-page-background-enabled":"default","ast-page-background-meta":{"desktop":{"background-color":"var(--ast-global-color-4)","background-image":"","background-repeat":"repeat","background-position":"center center","background-size":"auto","background-attachment":"scroll","background-type":"","background-media":"","overlay-type":"","overlay-color":"","overlay-opacity":"","overlay-gradient":""},"tablet":{"background-color":"","background-image":"","background-repeat":"repeat","background-position":"center center","background-size":"auto","background-attachment":"scroll","background-type":"","background-media":"","overlay-type":"","overlay-color":"","overlay-opacity":"","overlay-gradient":""},"mobile":{"background-color":"","background-image":"","background-repeat":"repeat","background-position":"center center","background-size":"auto","background-attachment":"scroll","background-type":"","background-media":"","overlay-type":"","overlay-color":"","overlay-opacity":"","overlay-gradient":""}},"ast-content-background-meta":{"desktop":{"background-color":"var(--ast-global-color-5)","background-image":"","background-repeat":"repeat","background-position":"center center","background-size":"auto","background-attachment":"scroll","background-type":"","background-media":"","overlay-type":"","overlay-color":"","overlay-opacity":"","overlay-gradient":""},"tablet":{"background-color":"var(--ast-global-color-5)","background-image":"","background-repeat":"repeat","background-position":"center center","background-size":"auto","background-attachment":"scroll","background-type":"","background-media":"","overlay-type":"","overlay-color":"","overlay-opacity":"","overlay-gradient":""},"mobile":{"background-color":"var(--ast-global-color-5)","background-image":"","background-repeat":"repeat","background-position":"center center","background-size":"auto","background-attachment":"scroll","background-type":"","background-media":"","overlay-type":"","overlay-color":"","overlay-opacity":"","overlay-gradient":""}},"footnotes":"","_links_to":"","_links_to_target":""},"class_list":["post-495","page","type-page","status-publish","hentry"],"featured_image_url":[],"post_author":"itdubai.miegroups@gmail.com","assigned_categories":"","aioseo_notices":[],"uagb_featured_image_src":{"full":false,"thumbnail":false,"medium":false,"medium_large":false,"large":false,"1536x1536":false,"2048x2048":false,"trp-custom-language-flag":false},"uagb_author_info":{"display_name":"itdubai.miegroups@gmail.com","author_link":"https:\/\/afscotedivoire.com\/fr\/author\/itdubai-miegroupsgmail-com\/"},"uagb_comment_info":2,"uagb_excerpt":"Generate leads from over 5,000professional visitors B2B Matchmaking Tailored sessions to connectwith decision-makers and secure partneship Global Visibility Strengthen your brandpresence through extensivemedia coverage andnetworking.","_links":{"self":[{"href":"https:\/\/afscotedivoire.com\/fr\/wp-json\/wp\/v2\/pages\/495","targetHints":{"allow":["GET"]}}],"collection":[{"href":"https:\/\/afscotedivoire.com\/fr\/wp-json\/wp\/v2\/pages"}],"about":[{"href":"https:\/\/afscotedivoire.com\/fr\/wp-json\/wp\/v2\/types\/page"}],"author":[{"embeddable":true,"href":"https:\/\/afscotedivoire.com\/fr\/wp-json\/wp\/v2\/users\/1"}],"replies":[{"embeddable":true,"href":"https:\/\/afscotedivoire.com\/fr\/wp-json\/wp\/v2\/comments?post=495"}],"version-history":[{"count":31,"href":"https:\/\/afscotedivoire.com\/fr\/wp-json\/wp\/v2\/pages\/495\/revisions"}],"predecessor-version":[{"id":9106,"href":"https:\/\/afscotedivoire.com\/fr\/wp-json\/wp\/v2\/pages\/495\/revisions\/9106"}],"wp:attachment":[{"href":"https:\/\/afscotedivoire.com\/fr\/wp-json\/wp\/v2\/media?parent=495"}],"curies":[{"name":"wp","href":"https:\/\/api.w.org\/{rel}","templated":true}]}}