{"id":501,"date":"2025-02-18T07:19:53","date_gmt":"2025-02-18T07:19:53","guid":{"rendered":"https:\/\/afscotedivoire.com\/contact\/"},"modified":"2025-11-10T10:06:03","modified_gmt":"2025-11-10T10:06:03","slug":"contact","status":"publish","type":"page","link":"https:\/\/afscotedivoire.com\/fr\/contact\/","title":{"rendered":"Contactez-nous"},"content":{"rendered":"<div class=\"wp-block-uagb-container uagb-block-4211017a alignfull uagb-is-root-container\"><div class=\"uagb-container-inner-blocks-wrap\">\n<div class=\"wp-block-uagb-info-box uagb-block-569e3333 uagb-infobox__content-wrap  uagb-infobox-icon-above-title uagb-infobox-image-valign-top wp-block-uagb-info-box--has-margin\"><div class=\"uagb-infobox-margin-wrapper\"><div class=\"uagb-ifb-content\"><div class=\"uagb-ifb-title-wrap\"><h2 class=\"uagb-ifb-title\">NOUS CONTACTER<\/h2><\/div><\/div><\/div><\/div>\n<\/div><\/div>\n\n\n\n<div class=\"wp-block-uagb-container uagb-block-7dc9cc23 alignfull uagb-is-root-container\"><div class=\"uagb-container-inner-blocks-wrap\">\n<div class=\"wp-block-uagb-info-box uagb-block-7631e7c5 uagb-infobox__content-wrap  uagb-infobox-icon-above-title uagb-infobox-image-valign-top\"><div class=\"uagb-ifb-content\"><div class=\"uagb-ifb-title-wrap\"><h2 class=\"uagb-ifb-title\">POUR PLUS D\u2019INFORMATIONS<\/h2><\/div><p class=\"uagb-ifb-desc\"><strong>Contactez notre \u00e9quipe pour d\u00e9couvrir des solutions personnalis\u00e9es adapt\u00e9es \u00e0 vos objectifs professionnels.<\/strong><\/p><\/div><\/div>\n<\/div><\/div>\n\n\n\n<div class=\"wp-block-uagb-container uagb-block-29263ea2 alignfull uagb-is-root-container\"><div class=\"uagb-container-inner-blocks-wrap\">\n<div class=\"wp-block-uagb-container uagb-block-d1b3ed8f\">\n<div class=\"wp-block-uagb-advanced-heading uagb-block-553dca5a\"><h3 class=\"uagb-heading-text\">Contacts locaux ( Maroc)<\/h3><\/div>\n<\/div>\n\n\n\n<div class=\"wp-block-uagb-container uagb-block-8431ee68\">\n<div class=\"wp-block-uagb-container uagb-block-b368b309\">\n<div class=\"wp-block-uagb-info-box uagb-block-7f2b7557 uagb-infobox__content-wrap  uagb-infobox-icon-above-title uagb-infobox-image-valign-top\"><div class=\"uagb-ifb-content\"><div class=\"uagb-ifb-title-wrap\"><h4 class=\"uagb-ifb-title\">ABDERRAZAK HILAL<\/h4><\/div><p class=\"uagb-ifb-desc\">Directeur des ventes Maroc et Afrique de l\u2018Ouest<\/p><\/div><\/div>\n\n\n\n<div class=\"wp-block-uagb-info-box uagb-block-d7b49c32 uagb-infobox__content-wrap  uagb-infobox-icon-above-title uagb-infobox-image-valign-top\"><div class=\"uagb-ifb-content\"><div class=\"uagb-ifb-title-wrap\"><h4 class=\"uagb-ifb-title\">Phone:<\/h4><\/div><p class=\"uagb-ifb-desc\">+212 66 376 2159<\/p><\/div><\/div>\n\n\n\n<div class=\"wp-block-uagb-info-box uagb-block-26b20633 uagb-infobox__content-wrap  uagb-infobox-icon-above-title uagb-infobox-image-valign-top\"><div class=\"uagb-ifb-content\"><div class=\"uagb-ifb-title-wrap\"><h4 class=\"uagb-ifb-title\">Email:<\/h4><\/div><p class=\"uagb-ifb-desc\">abderrazak.hilal@mieevents.com<\/p><\/div><\/div>\n<\/div>\n\n\n\n<div class=\"wp-block-uagb-container uagb-block-1767a223\">\n<div class=\"wp-block-uagb-info-box uagb-block-f74563db uagb-infobox__content-wrap  uagb-infobox-icon-above-title uagb-infobox-image-valign-top\"><div class=\"uagb-ifb-content\"><div class=\"uagb-ifb-title-wrap\"><h4 class=\"uagb-ifb-title\">YOUSSEF REBII<\/h4><\/div><p class=\"uagb-ifb-desc\">Responsable commerciale Maroc et Afrique de l\u2019Ouest<\/p><\/div><\/div>\n\n\n\n<div class=\"wp-block-uagb-info-box uagb-block-ed13d0f3 uagb-infobox__content-wrap  uagb-infobox-icon-above-title uagb-infobox-image-valign-top\"><div class=\"uagb-ifb-content\"><div class=\"uagb-ifb-title-wrap\"><h4 class=\"uagb-ifb-title\">Phone:<\/h4><\/div><p class=\"uagb-ifb-desc\">+225 5 85 15 67 00<br>+212 6 60 19 75 18<\/p><\/div><\/div>\n\n\n\n<div class=\"wp-block-uagb-info-box uagb-block-625e3b00 uagb-infobox__content-wrap  uagb-infobox-icon-above-title uagb-infobox-image-valign-top\"><div class=\"uagb-ifb-content\"><div class=\"uagb-ifb-title-wrap\"><h4 class=\"uagb-ifb-title\">Email:<\/h4><\/div><p class=\"uagb-ifb-desc\">youssef.rebii@mieevents.com<\/p><\/div><\/div>\n<\/div>\n\n\n\n<div class=\"wp-block-uagb-container uagb-block-d18761fd\">\n<div class=\"wp-block-uagb-info-box uagb-block-c12ce623 uagb-infobox__content-wrap  uagb-infobox-icon-above-title uagb-infobox-image-valign-top\"><div class=\"uagb-ifb-content\"><div class=\"uagb-ifb-title-wrap\"><h4 class=\"uagb-ifb-title\">MERYEM CHAFIK<\/h4><\/div><p class=\"uagb-ifb-desc\">Responsable commerciale Maroc et Afrique de l\u2019Ouest<\/p><\/div><\/div>\n\n\n\n<div class=\"wp-block-uagb-info-box uagb-block-af23263f uagb-infobox__content-wrap  uagb-infobox-icon-above-title uagb-infobox-image-valign-top\"><div class=\"uagb-ifb-content\"><div class=\"uagb-ifb-title-wrap\"><h4 class=\"uagb-ifb-title\">Phone:<\/h4><\/div><p class=\"uagb-ifb-desc\">+212 660-96 06 12<\/p><\/div><\/div>\n\n\n\n<div class=\"wp-block-uagb-info-box uagb-block-934891d0 uagb-infobox__content-wrap  uagb-infobox-icon-above-title uagb-infobox-image-valign-top\"><div class=\"uagb-ifb-content\"><div class=\"uagb-ifb-title-wrap\"><h4 class=\"uagb-ifb-title\">Email:<\/h4><\/div><p class=\"uagb-ifb-desc\">meryem.chafik@mieevents.com<\/p><\/div><\/div>\n<\/div>\n<\/div>\n<\/div><\/div>\n\n\n\n<div class=\"wp-block-uagb-container uagb-block-62136693 alignfull uagb-is-root-container\"><div class=\"uagb-container-inner-blocks-wrap\">\n<div class=\"wp-block-uagb-container uagb-block-6787bf50\"><\/div>\n\n\n\n<div class=\"wp-block-uagb-container uagb-block-59cd48d8\">\n<hr class=\"wp-block-separator has-alpha-channel-opacity\"\/>\n<\/div>\n\n\n\n<div class=\"wp-block-uagb-container uagb-block-ed7a5080\"><\/div>\n<\/div><\/div>\n\n\n\n<div class=\"wp-block-uagb-container uagb-block-3701e531 alignfull uagb-is-root-container\"><div class=\"uagb-container-inner-blocks-wrap\">\n<div class=\"wp-block-uagb-container uagb-block-523f95e1\">\n<div class=\"wp-block-uagb-advanced-heading uagb-block-d759f975\"><h3 class=\"uagb-heading-text\">International Contacts:<\/h3><\/div>\n<\/div>\n\n\n\n<div class=\"wp-block-uagb-container uagb-block-76456110\">\n<div class=\"wp-block-uagb-container uagb-block-651d0935\">\n<div class=\"wp-block-uagb-info-box uagb-block-fbefe6ed uagb-infobox__content-wrap  uagb-infobox-icon-above-title uagb-infobox-image-valign-top\"><div class=\"uagb-ifb-content\"><div class=\"uagb-ifb-title-wrap\"><h4 class=\"uagb-ifb-title\">NOEL PUNO<\/h4><\/div><p class=\"uagb-ifb-desc translation-block\">Directeur \u2013 Expositions et projets MIE Events DMCC<\/p><\/div><\/div>\n\n\n\n<div class=\"wp-block-uagb-info-box uagb-block-67286c4b uagb-infobox__content-wrap  uagb-infobox-icon-above-title uagb-infobox-image-valign-top\"><div class=\"uagb-ifb-content\"><div class=\"uagb-ifb-title-wrap\"><h4 class=\"uagb-ifb-title\"><br>Phone:<\/h4><\/div><p class=\"uagb-ifb-desc\">+971 4 425 3337 Ext. 212<br>+971 50 269 7037<\/p><\/div><\/div>\n\n\n\n<div class=\"wp-block-uagb-info-box uagb-block-e664bfa6 uagb-infobox__content-wrap  uagb-infobox-icon-above-title uagb-infobox-image-valign-top\"><div class=\"uagb-ifb-content\"><div class=\"uagb-ifb-title-wrap\"><h4 class=\"uagb-ifb-title\">Email:<\/h4><\/div><p class=\"uagb-ifb-desc\">noel.puno@mieevents.com<\/p><\/div><\/div>\n<\/div>\n\n\n\n<div class=\"wp-block-uagb-container uagb-block-cfe6be5d\">\n<div class=\"wp-block-uagb-info-box uagb-block-21cf28d9 uagb-infobox__content-wrap  uagb-infobox-icon-above-title uagb-infobox-image-valign-top\"><div class=\"uagb-ifb-content\"><div class=\"uagb-ifb-title-wrap\"><h4 class=\"uagb-ifb-title\">SHAINADENE AGREGADO<\/h4><\/div><p class=\"uagb-ifb-desc\">Chef de projet<br>MIE Events DMCC<\/p><\/div><\/div>\n\n\n\n<div class=\"wp-block-uagb-info-box uagb-block-0bbea270 uagb-infobox__content-wrap  uagb-infobox-icon-above-title uagb-infobox-image-valign-top\"><div class=\"uagb-ifb-content\"><div class=\"uagb-ifb-title-wrap\"><h4 class=\"uagb-ifb-title\"><br>Phone:<\/h4><\/div><p class=\"uagb-ifb-desc\">+971 4 425 3337 Ext. 245<br>+971 54 794 6354<\/p><\/div><\/div>\n\n\n\n<div class=\"wp-block-uagb-info-box uagb-block-b04d54b8 uagb-infobox__content-wrap  uagb-infobox-icon-above-title uagb-infobox-image-valign-top\"><div class=\"uagb-ifb-content\"><div class=\"uagb-ifb-title-wrap\"><h4 class=\"uagb-ifb-title\">Email:<\/h4><\/div><p class=\"uagb-ifb-desc\">shainadene@mieevents.com<\/p><\/div><\/div>\n<\/div>\n<\/div>\n<\/div><\/div>\n\n\n\n<div class=\"wp-block-uagb-container uagb-block-21d2493f alignfull uagb-is-root-container\"><div class=\"uagb-container-inner-blocks-wrap\">\n<div class=\"wp-block-uagb-container uagb-block-fb8d1524\"><\/div>\n\n\n\n<div class=\"wp-block-uagb-container uagb-block-b8652419\"><\/div>\n<\/div><\/div>\n\n\n\n<div class=\"wp-block-uagb-container uagb-block-5bad30a3 alignfull uagb-is-root-container\">\n<div class=\"wp-block-uagb-container uagb-block-609a4eb7\">\n<div class=\"wp-block-uagb-info-box uagb-block-0ee045e7 uagb-infobox__content-wrap  uagb-infobox-icon-above-title uagb-infobox-image-valign-top\"><div class=\"uagb-ifb-content\"><div class=\"uagb-ifb-title-wrap\"><h3 class=\"uagb-ifb-title\">Format de l'\u00e9v\u00e9nement<\/h3><\/div><p class=\"uagb-ifb-desc\">L'\u00e9v\u00e9nement propose \u00e9galement un matchmaking B2B organis\u00e9 et un salon de r\u00e9seautage d\u00e9di\u00e9, mettant en relationles participants avec des acheteurs cl\u00e9s, des leaders de ladistribution et de lindustrie.<\/p><\/div><\/div>\n<\/div>\n\n\n\n<div class=\"wp-block-uagb-container uagb-block-2e894038\">\n<div class=\"wp-block-uagb-info-box uagb-block-56904a7c uagb-infobox__content-wrap  uagb-infobox-icon-above-title uagb-infobox-image-valign-top\"><div class=\"uagb-ifb-content\"><div class=\"uagb-ifb-title-wrap\"><h3 class=\"uagb-ifb-title\">Liens rapides<\/h3><\/div><p class=\"uagb-ifb-desc\">Accueil<br>\u00c0 propos<br>Exposition<br><a href=\"https:\/\/miegroups.com\/privacy-policy-terms-of-use\/\" target=\"_blank\" rel=\"noopener\" title=\"\">Privacy Policy &amp; Terms of Use<\/a><\/p><\/div><\/div>\n<\/div>\n\n\n\n<div class=\"wp-block-uagb-container uagb-layout-grid uagb-block-304581a2\">\n<div class=\"wp-block-uagb-info-box uagb-block-0d90ecf0 uagb-infobox__content-wrap  uagb-infobox-icon-above-title uagb-infobox-image-valign-top\"><div class=\"uagb-ifb-content\"><div class=\"uagb-ifb-title-wrap\"><h3 class=\"uagb-ifb-title\">Contactez-nous<\/h3><\/div><p class=\"uagb-ifb-desc\"><strong>Noel Puno<\/strong><br>Directeur _Ventes et projets internationaux<br>+971 50 269 7037<br>noel.puno@mieevents.com<\/p><\/div><\/div>\n\n\n\n<div class=\"wp-block-uagb-info-box uagb-block-f1e0fa1f uagb-infobox__content-wrap  uagb-infobox-icon-above-title uagb-infobox-image-valign-top\"><div class=\"uagb-ifb-content\"><div class=\"uagb-ifb-title-wrap\"><\/div><p class=\"uagb-ifb-desc\">Meloida Caridad<br>+ 971 4 425 3337<br>+971 58 960 591<br>www.miegroups.com<br>meloida.caridad@mail.mieevents.com<br><\/p><\/div><\/div>\n\n\n\n<div class=\"wp-block-uagb-info-box uagb-block-d04b1087 uagb-infobox__content-wrap  uagb-infobox-icon-above-title uagb-infobox-image-valign-top\"><div class=\"uagb-ifb-content\"><div class=\"uagb-ifb-title-wrap\"><\/div><p class=\"uagb-ifb-desc\"><strong>Abderrazak HILAL<br><\/strong>Directeur des ventes Maroc et Afrique de l\u2018Ouest<br>+212 663-76 21 59<br>abderrazak.hilal@mieevents.com<\/p><\/div><\/div>\n<\/div>\n<\/div>","protected":false},"excerpt":{"rendered":"<p>Local Contacts (Morocco): International Contacts:<\/p>","protected":false},"author":1,"featured_media":0,"parent":0,"menu_order":0,"comment_status":"closed","ping_status":"closed","template":"","meta":{"_uag_custom_page_level_css":"","site-sidebar-layout":"no-sidebar","site-content-layout":"plain-container","ast-site-content-layout":"normal-width-container","site-content-style":"unboxed","site-sidebar-style":"unboxed","ast-global-header-display":"","ast-banner-title-visibility":"","ast-main-header-display":"","ast-hfb-above-header-display":"","ast-hfb-below-header-display":"","ast-hfb-mobile-header-display":"","site-post-title":"disabled","ast-breadcrumbs-content":"","ast-featured-img":"disabled","footer-sml-layout":"","ast-disable-related-posts":"","theme-transparent-header-meta":"enabled","adv-header-id-meta":"","stick-header-meta":"","header-above-stick-meta":"","header-main-stick-meta":"","header-below-stick-meta":"","astra-migrate-meta-layouts":"set","ast-page-background-enabled":"default","ast-page-background-meta":{"desktop":{"background-color":"var(--ast-global-color-4)","background-image":"","background-repeat":"repeat","background-position":"center center","background-size":"auto","background-attachment":"scroll","background-type":"","background-media":"","overlay-type":"","overlay-color":"","overlay-opacity":"","overlay-gradient":""},"tablet":{"background-color":"","background-image":"","background-repeat":"repeat","background-position":"center center","background-size":"auto","background-attachment":"scroll","background-type":"","background-media":"","overlay-type":"","overlay-color":"","overlay-opacity":"","overlay-gradient":""},"mobile":{"background-color":"","background-image":"","background-repeat":"repeat","background-position":"center center","background-size":"auto","background-attachment":"scroll","background-type":"","background-media":"","overlay-type":"","overlay-color":"","overlay-opacity":"","overlay-gradient":""}},"ast-content-background-meta":{"desktop":{"background-color":"var(--ast-global-color-5)","background-image":"","background-repeat":"repeat","background-position":"center center","background-size":"auto","background-attachment":"scroll","background-type":"","background-media":"","overlay-type":"","overlay-color":"","overlay-opacity":"","overlay-gradient":""},"tablet":{"background-color":"var(--ast-global-color-5)","background-image":"","background-repeat":"repeat","background-position":"center center","background-size":"auto","background-attachment":"scroll","background-type":"","background-media":"","overlay-type":"","overlay-color":"","overlay-opacity":"","overlay-gradient":""},"mobile":{"background-color":"var(--ast-global-color-5)","background-image":"","background-repeat":"repeat","background-position":"center center","background-size":"auto","background-attachment":"scroll","background-type":"","background-media":"","overlay-type":"","overlay-color":"","overlay-opacity":"","overlay-gradient":""}},"footnotes":"","_links_to":"","_links_to_target":""},"class_list":["post-501","page","type-page","status-publish","hentry"],"featured_image_url":[],"post_author":"itdubai.miegroups@gmail.com","assigned_categories":"","aioseo_notices":[],"uagb_featured_image_src":{"full":false,"thumbnail":false,"medium":false,"medium_large":false,"large":false,"1536x1536":false,"2048x2048":false,"trp-custom-language-flag":false},"uagb_author_info":{"display_name":"itdubai.miegroups@gmail.com","author_link":"https:\/\/afscotedivoire.com\/fr\/author\/itdubai-miegroupsgmail-com\/"},"uagb_comment_info":0,"uagb_excerpt":"Local Contacts (Morocco): International Contacts:","_links":{"self":[{"href":"https:\/\/afscotedivoire.com\/fr\/wp-json\/wp\/v2\/pages\/501","targetHints":{"allow":["GET"]}}],"collection":[{"href":"https:\/\/afscotedivoire.com\/fr\/wp-json\/wp\/v2\/pages"}],"about":[{"href":"https:\/\/afscotedivoire.com\/fr\/wp-json\/wp\/v2\/types\/page"}],"author":[{"embeddable":true,"href":"https:\/\/afscotedivoire.com\/fr\/wp-json\/wp\/v2\/users\/1"}],"replies":[{"embeddable":true,"href":"https:\/\/afscotedivoire.com\/fr\/wp-json\/wp\/v2\/comments?post=501"}],"version-history":[{"count":29,"href":"https:\/\/afscotedivoire.com\/fr\/wp-json\/wp\/v2\/pages\/501\/revisions"}],"predecessor-version":[{"id":9108,"href":"https:\/\/afscotedivoire.com\/fr\/wp-json\/wp\/v2\/pages\/501\/revisions\/9108"}],"wp:attachment":[{"href":"https:\/\/afscotedivoire.com\/fr\/wp-json\/wp\/v2\/media?parent=501"}],"curies":[{"name":"wp","href":"https:\/\/api.w.org\/{rel}","templated":true}]}}