{"id":8887,"date":"2025-07-29T04:15:32","date_gmt":"2025-07-29T04:15:32","guid":{"rendered":"https:\/\/afscotedivoire.com\/?page_id=8887"},"modified":"2025-11-10T09:59:06","modified_gmt":"2025-11-10T09:59:06","slug":"event-agenda","status":"publish","type":"page","link":"https:\/\/afscotedivoire.com\/fr\/event-agenda\/","title":{"rendered":"Event Agenda"},"content":{"rendered":"<div class=\"wp-block-uagb-container uagb-block-4211017a alignfull uagb-is-root-container\"><div class=\"uagb-container-inner-blocks-wrap\">\n<div class=\"wp-block-uagb-info-box uagb-block-569e3333 uagb-infobox__content-wrap  uagb-infobox-icon-above-title uagb-infobox-image-valign-top wp-block-uagb-info-box--has-margin\"><div class=\"uagb-infobox-margin-wrapper\"><div class=\"uagb-ifb-content\"><div class=\"uagb-ifb-title-wrap\"><h2 class=\"uagb-ifb-title\">Event Agenda<\/h2><\/div><\/div><\/div><\/div>\n<\/div><\/div>\n\n\n\n<div class=\"wp-block-uagb-container uagb-block-0cdce3e9 alignfull uagb-is-root-container\"><div class=\"uagb-container-inner-blocks-wrap\"><\/div><\/div>\n\n\n\n<div class=\"wp-block-uagb-container uagb-block-5bad30a3 alignfull uagb-is-root-container\">\n<div class=\"wp-block-uagb-container uagb-block-609a4eb7\">\n<div class=\"wp-block-uagb-info-box uagb-block-0ee045e7 uagb-infobox__content-wrap  uagb-infobox-icon-above-title uagb-infobox-image-valign-top\"><div class=\"uagb-ifb-content\"><div class=\"uagb-ifb-title-wrap\"><h3 class=\"uagb-ifb-title\">Format de l'\u00e9v\u00e9nement<\/h3><\/div><p class=\"uagb-ifb-desc\">L'\u00e9v\u00e9nement propose \u00e9galement un matchmaking B2B organis\u00e9 et un salon de r\u00e9seautage d\u00e9di\u00e9, mettant en relationles participants avec des acheteurs cl\u00e9s, des leaders de ladistribution et de lindustrie.<\/p><\/div><\/div>\n<\/div>\n\n\n\n<div class=\"wp-block-uagb-container uagb-block-2e894038\">\n<div class=\"wp-block-uagb-info-box uagb-block-56904a7c uagb-infobox__content-wrap  uagb-infobox-icon-above-title uagb-infobox-image-valign-top\"><div class=\"uagb-ifb-content\"><div class=\"uagb-ifb-title-wrap\"><h3 class=\"uagb-ifb-title\">Liens rapides<\/h3><\/div><p class=\"uagb-ifb-desc\">Accueil<br>\u00c0 propos<br>Exposition<br><a href=\"https:\/\/miegroups.com\/privacy-policy-terms-of-use\/\" target=\"_blank\" rel=\"noopener\" title=\"\">Privacy Policy &amp; Terms of Use<\/a><\/p><\/div><\/div>\n<\/div>\n\n\n\n<div class=\"wp-block-uagb-container uagb-layout-grid uagb-block-304581a2\">\n<div class=\"wp-block-uagb-info-box uagb-block-0d90ecf0 uagb-infobox__content-wrap  uagb-infobox-icon-above-title uagb-infobox-image-valign-top\"><div class=\"uagb-ifb-content\"><div class=\"uagb-ifb-title-wrap\"><h3 class=\"uagb-ifb-title\">Contactez-nous<\/h3><\/div><p class=\"uagb-ifb-desc\"><strong>Noel Puno<\/strong><br>Directeur _Ventes et projets internationaux<br>+971 50 269 7037<br>noel.puno@mieevents.com<\/p><\/div><\/div>\n\n\n\n<div class=\"wp-block-uagb-info-box uagb-block-f1e0fa1f uagb-infobox__content-wrap  uagb-infobox-icon-above-title uagb-infobox-image-valign-top\"><div class=\"uagb-ifb-content\"><div class=\"uagb-ifb-title-wrap\"><\/div><p class=\"uagb-ifb-desc\">Meloida Caridad<br>+ 971 4 425 3337<br>+971 58 960 591<br>www.miegroups.com<br>meloida.caridad@mail.mieevents.com<br><\/p><\/div><\/div>\n\n\n\n<div class=\"wp-block-uagb-info-box uagb-block-d04b1087 uagb-infobox__content-wrap  uagb-infobox-icon-above-title uagb-infobox-image-valign-top\"><div class=\"uagb-ifb-content\"><div class=\"uagb-ifb-title-wrap\"><\/div><p class=\"uagb-ifb-desc\"><strong>Abderrazak HILAL<br><\/strong>Directeur des ventes Maroc et Afrique de l\u2018Ouest<br>+212 663-76 21 59<br>abderrazak.hilal@mieevents.com<\/p><\/div><\/div>\n<\/div>\n<\/div>","protected":false},"excerpt":{"rendered":"","protected":false},"author":11,"featured_media":0,"parent":0,"menu_order":0,"comment_status":"closed","ping_status":"closed","template":"","meta":{"_uag_custom_page_level_css":"","site-sidebar-layout":"no-sidebar","site-content-layout":"plain-container","ast-site-content-layout":"normal-width-container","site-content-style":"unboxed","site-sidebar-style":"unboxed","ast-global-header-display":"","ast-banner-title-visibility":"","ast-main-header-display":"","ast-hfb-above-header-display":"","ast-hfb-below-header-display":"","ast-hfb-mobile-header-display":"","site-post-title":"disabled","ast-breadcrumbs-content":"","ast-featured-img":"disabled","footer-sml-layout":"","ast-disable-related-posts":"","theme-transparent-header-meta":"enabled","adv-header-id-meta":"","stick-header-meta":"","header-above-stick-meta":"","header-main-stick-meta":"","header-below-stick-meta":"","astra-migrate-meta-layouts":"set","ast-page-background-enabled":"default","ast-page-background-meta":{"desktop":{"background-color":"var(--ast-global-color-4)","background-image":"","background-repeat":"repeat","background-position":"center center","background-size":"auto","background-attachment":"scroll","background-type":"","background-media":"","overlay-type":"","overlay-color":"","overlay-opacity":"","overlay-gradient":""},"tablet":{"background-color":"","background-image":"","background-repeat":"repeat","background-position":"center center","background-size":"auto","background-attachment":"scroll","background-type":"","background-media":"","overlay-type":"","overlay-color":"","overlay-opacity":"","overlay-gradient":""},"mobile":{"background-color":"","background-image":"","background-repeat":"repeat","background-position":"center center","background-size":"auto","background-attachment":"scroll","background-type":"","background-media":"","overlay-type":"","overlay-color":"","overlay-opacity":"","overlay-gradient":""}},"ast-content-background-meta":{"desktop":{"background-color":"var(--ast-global-color-5)","background-image":"","background-repeat":"repeat","background-position":"center center","background-size":"auto","background-attachment":"scroll","background-type":"","background-media":"","overlay-type":"","overlay-color":"","overlay-opacity":"","overlay-gradient":""},"tablet":{"background-color":"var(--ast-global-color-5)","background-image":"","background-repeat":"repeat","background-position":"center center","background-size":"auto","background-attachment":"scroll","background-type":"","background-media":"","overlay-type":"","overlay-color":"","overlay-opacity":"","overlay-gradient":""},"mobile":{"background-color":"var(--ast-global-color-5)","background-image":"","background-repeat":"repeat","background-position":"center center","background-size":"auto","background-attachment":"scroll","background-type":"","background-media":"","overlay-type":"","overlay-color":"","overlay-opacity":"","overlay-gradient":""}},"footnotes":"","_links_to":"","_links_to_target":""},"class_list":["post-8887","page","type-page","status-publish","hentry"],"featured_image_url":[],"post_author":"Ravi","assigned_categories":"","aioseo_notices":[],"uagb_featured_image_src":{"full":false,"thumbnail":false,"medium":false,"medium_large":false,"large":false,"1536x1536":false,"2048x2048":false,"trp-custom-language-flag":false},"uagb_author_info":{"display_name":"Ravi","author_link":"https:\/\/afscotedivoire.com\/fr\/author\/ravi\/"},"uagb_comment_info":0,"uagb_excerpt":null,"_links":{"self":[{"href":"https:\/\/afscotedivoire.com\/fr\/wp-json\/wp\/v2\/pages\/8887","targetHints":{"allow":["GET"]}}],"collection":[{"href":"https:\/\/afscotedivoire.com\/fr\/wp-json\/wp\/v2\/pages"}],"about":[{"href":"https:\/\/afscotedivoire.com\/fr\/wp-json\/wp\/v2\/types\/page"}],"author":[{"embeddable":true,"href":"https:\/\/afscotedivoire.com\/fr\/wp-json\/wp\/v2\/users\/11"}],"replies":[{"embeddable":true,"href":"https:\/\/afscotedivoire.com\/fr\/wp-json\/wp\/v2\/comments?post=8887"}],"version-history":[{"count":9,"href":"https:\/\/afscotedivoire.com\/fr\/wp-json\/wp\/v2\/pages\/8887\/revisions"}],"predecessor-version":[{"id":9102,"href":"https:\/\/afscotedivoire.com\/fr\/wp-json\/wp\/v2\/pages\/8887\/revisions\/9102"}],"wp:attachment":[{"href":"https:\/\/afscotedivoire.com\/fr\/wp-json\/wp\/v2\/media?parent=8887"}],"curies":[{"name":"wp","href":"https:\/\/api.w.org\/{rel}","templated":true}]}}