{"id":8895,"date":"2025-07-29T10:45:17","date_gmt":"2025-07-29T10:45:17","guid":{"rendered":"https:\/\/afscotedivoire.com\/?page_id=8895"},"modified":"2025-11-10T09:57:47","modified_gmt":"2025-11-10T09:57:47","slug":"afs-blog","status":"publish","type":"page","link":"https:\/\/afscotedivoire.com\/fr\/afs-blog\/","title":{"rendered":"AFS BLOG"},"content":{"rendered":"<div class=\"wp-block-uagb-container uagb-block-4211017a alignfull uagb-is-root-container\"><div class=\"uagb-container-inner-blocks-wrap\">\n<div class=\"wp-block-uagb-info-box uagb-block-569e3333 uagb-infobox__content-wrap  uagb-infobox-icon-above-title uagb-infobox-image-valign-top wp-block-uagb-info-box--has-margin\"><div class=\"uagb-infobox-margin-wrapper\"><div class=\"uagb-ifb-content\"><div class=\"uagb-ifb-title-wrap\"><h2 class=\"uagb-ifb-title\">AFS BLOG<\/h2><\/div><\/div><\/div><\/div>\n<\/div><\/div>\n\n\n\n<div class=\"wp-block-uagb-container uagb-block-0cdce3e9 alignfull uagb-is-root-container\"><div class=\"uagb-container-inner-blocks-wrap\"><div class=\"wp-block-latest-posts__list wp-block-advanced-posts-listing-advanced-posts-listing-block\"><style>\n            .grid-layout {\n                gap: 30px 20px !important; \n            }\n\n            @media (min-width: 992px) {\n                .grid-layout {\n                    grid-template-columns: repeat(3, 1fr) !important;\n                }\n            }\n            \n            \/* For very large screens *\/\n            @media (min-width: 1200px) {\n                .grid-layout {\n                    grid-template-columns: repeat(3, 1fr) !important;\n                }\n            }\n            <\/style><div class=\"wep-root\" ><div class=\"grid-layout\" ><div class=\"wep-card\"><div class=\"wep-card-body\"><div class=\"wep-card-heading\">    <h4 class=\"wep-card-title\"  > <a href=\"https:\/\/afscotedivoire.com\/fr\/%cf%87%cf%81%ce%b7%cf%83%ce%b9%ce%bc%ce%bf%cf%80%ce%bf%ce%b9%ce%ae%cf%83%cf%84%ce%b5-%cf%84%ce%bf-zet-casino-paysafecard-%ce%b3%ce%b9%ce%b1-%ce%b1%cf%83%cf%86%ce%b1%ce%bb%ce%b5%ce%af%cf%82-%cf%83\/\">\u03a7\u03c1\u03b7\u03c3\u03b9\u03bc\u03bf\u03c0\u03bf\u03b9\u03ae\u03c3\u03c4\u03b5 \u03c4\u03bf Zet Casino Paysafecard \u03b3\u03b9\u03b1 \u0391\u03c3\u03c6\u03b1\u03bb\u03b5\u03af\u03c2 \u03a3\u03c5\u03bd\u03b1\u03bb\u03bb\u03b1\u03b3\u03ad\u03c2 \u03a0\u03b1\u03b9\u03c7\u03bd\u03b9\u03b4\u03b9\u03bf\u03cd<\/a>    <\/h4>    <div class=\"meta-data\" ><p>avril 29, 2026 | Author: cms_auth<\/p>    <\/div><\/div>    <div class=\"wep-card-text\" ><p>\u03a3\u03b5 \u03b1\u03c5\u03c4\u03cc \u03c4\u03bf \u03ac\u03c1\u03b8\u03c1\u03bf, \u03b8\u03b1 \u03b5\u03be\u03b5\u03c4\u03ac\u03c3\u03bf\u03c5\u03bc\u03b5 \u03c4\u03b7 \u03c7\u03c1\u03ae\u03c3\u03b7 \u03c4\u03bf\u03c5 zet casino Paysafecard, \u03c0\u03bf\u03c5 \u03b5\u03af\u03bd\u03b1\u03b9 \u03bc\u03b9\u03b1 \u03b4\u03b7\u03bc\u03bf\u03c6\u03b9\u03bb\u03ae\u03c2 \u03bc\u03ad\u03b8\u03bf\u03b4\u03bf\u03c2 \u03c0\u03bb\u03b7\u03c1\u03c9\u03bc\u03ae\u03c2 \u03b3\u03b9\u03b1 \u03b1\u03c3\u03c6\u03b1\u03bb\u03b5\u03af\u03c2 \u03c3\u03c5\u03bd\u03b1\u03bb\u03bb\u03b1\u03b3\u03ad\u03c2 \u03c3\u03c4\u03bf\u03bd \u03ba\u03cc\u03c3\u03bc\u03bf \u03c4\u03c9\u03bd \u03b4\u03b9\u03b1\u03b4\u03b9\u03ba\u03c4\u03c5\u03b1\u03ba\u03ce\u03bd \u03c4\u03c5\u03c7\u03b5\u03c1\u03ce\u03bd \u03c0\u03b1\u03b9\u03c7\u03bd\u03b9\u03b4\u03b9\u03ce\u03bd. \u0398\u03b1 \u03b1\u03bd\u03b1\u03bb\u03cd\u03c3\u03bf\u03c5\u03bc\u03b5 \u03c4\u03b1    <\/p><\/div><\/div>    <div class=\"wep-card-footer\">        <a target=\"_blank\" href=\"https:\/\/afscotedivoire.com\/fr\/%cf%87%cf%81%ce%b7%cf%83%ce%b9%ce%bc%ce%bf%cf%80%ce%bf%ce%b9%ce%ae%cf%83%cf%84%ce%b5-%cf%84%ce%bf-zet-casino-paysafecard-%ce%b3%ce%b9%ce%b1-%ce%b1%cf%83%cf%86%ce%b1%ce%bb%ce%b5%ce%af%cf%82-%cf%83\/\" class=\"wep-btn wep-btn-primary\">En savoir plus<\/a>    <\/div><\/div><div class=\"wep-card\"><div class=\"wep-card-body\"><div class=\"wep-card-heading\">    <h4 class=\"wep-card-title\"  > <a href=\"https:\/\/afscotedivoire.com\/fr\/comparaison-des-nouveaux-casinos-en-ligne-belges-et-de-leurs-offres-promotionnelles\/\">Comparaison des nouveaux casinos en ligne belges et de leurs offres promotionnelles<\/a>    <\/h4>    <div class=\"meta-data\" ><p>avril 16, 2026 | Author: cms_auth<\/p>    <\/div><\/div>    <div class=\"wep-card-text\" ><p>Dans cet article, nous allons examiner les nouveaux casinos en ligne belges et leurs offres promotionnelles. \u00c0 travers des retours d&#8217;exp\u00e9rience de joueurs, nous analyserons les diff\u00e9rences et les avantages    <\/p><\/div><\/div>    <div class=\"wep-card-footer\">        <a target=\"_blank\" href=\"https:\/\/afscotedivoire.com\/fr\/comparaison-des-nouveaux-casinos-en-ligne-belges-et-de-leurs-offres-promotionnelles\/\" class=\"wep-btn wep-btn-primary\">En savoir plus<\/a>    <\/div><\/div><div class=\"wep-card\"><div class=\"wep-card-body\"><div class=\"wep-card-heading\">    <h4 class=\"wep-card-title\"  > <a href=\"https:\/\/afscotedivoire.com\/fr\/decouvrez-comment-maximiser-vos-gains-avec-les-stupid-casino-bonus-sans-wager\/\">D\u00e9couvrez comment maximiser vos gains avec les stupid casino bonus sans wager<\/a>    <\/h4>    <div class=\"meta-data\" ><p>avril 16, 2026 | Author: cms_auth<\/p>    <\/div><\/div>    <div class=\"wep-card-text\" ><p>Dans cet article, nous allons explorer les strat\u00e9gies pour maximiser vos gains en utilisant les stupid casino bonus sans wager. Nous aborderons les diff\u00e9rents types de bonus disponibles, la mani\u00e8re    <\/p><\/div><\/div>    <div class=\"wep-card-footer\">        <a target=\"_blank\" href=\"https:\/\/afscotedivoire.com\/fr\/decouvrez-comment-maximiser-vos-gains-avec-les-stupid-casino-bonus-sans-wager\/\" class=\"wep-btn wep-btn-primary\">En savoir plus<\/a>    <\/div><\/div><div class=\"wep-card\"><div class=\"wep-card-body\"><div class=\"wep-card-heading\">    <h4 class=\"wep-card-title\"  > <a href=\"https:\/\/afscotedivoire.com\/fr\/%ce%b2%ce%ae%ce%bc%ce%b1-%cf%80%cf%81%ce%bf%cf%82-%ce%b2%ce%ae%ce%bc%ce%b1-%ce%bf%ce%b4%ce%b7%ce%b3%cf%8c%cf%82-%ce%b3%ce%b9%ce%b1-%cf%84%ce%b7%ce%bd-%ce%b5%ce%b3%ce%b3%cf%81%ce%b1%cf%86%ce%ae-%cf%83\/\">\u0392\u03ae\u03bc\u03b1 \u03c0\u03c1\u03bf\u03c2 \u03b2\u03ae\u03bc\u03b1 \u03bf\u03b4\u03b7\u03b3\u03cc\u03c2 \u03b3\u03b9\u03b1 \u03c4\u03b7\u03bd \u03b5\u03b3\u03b3\u03c1\u03b1\u03c6\u03ae \u03c3\u03b1\u03c2 \u03c3\u03c4\u03bf Wishwin Casino<\/a>    <\/h4>    <div class=\"meta-data\" ><p>avril 14, 2026 | Author: cms_auth<\/p>    <\/div><\/div>    <div class=\"wep-card-text\" ><p>\u03a3\u03c4\u03bf\u03bd \u03c3\u03b7\u03bc\u03b5\u03c1\u03b9\u03bd\u03cc \u03bf\u03b4\u03b7\u03b3\u03cc, \u03b8\u03b1 \u03c3\u03b1\u03c2 \u03ba\u03b1\u03b8\u03bf\u03b4\u03b7\u03b3\u03ae\u03c3\u03bf\u03c5\u03bc\u03b5 \u03b2\u03ae\u03bc\u03b1 \u03c0\u03c1\u03bf\u03c2 \u03b2\u03ae\u03bc\u03b1 \u03c3\u03c4\u03b7 \u03b4\u03b9\u03b1\u03b4\u03b9\u03ba\u03b1\u03c3\u03af\u03b1 \u03b5\u03b3\u03b3\u03c1\u03b1\u03c6\u03ae\u03c2 \u03c3\u03b1\u03c2 \u03c3\u03c4\u03bf wishwin casino. \u0398\u03b1 \u03ba\u03b1\u03bb\u03cd\u03c8\u03bf\u03c5\u03bc\u03b5 \u03cc\u03bb\u03b1 \u03c4\u03b1 \u03b1\u03c0\u03b1\u03c1\u03b1\u03af\u03c4\u03b7\u03c4\u03b1 \u03b2\u03ae\u03bc\u03b1\u03c4\u03b1 \u03b3\u03b9\u03b1 \u03bd\u03b1 \u03b1\u03c0\u03bf\u03ba\u03c4\u03ae\u03c3\u03b5\u03c4\u03b5 \u03ad\u03bd\u03b1\u03bd \u03bb\u03bf\u03b3\u03b1\u03c1\u03b9\u03b1\u03c3\u03bc\u03cc, \u03c4\u03b9\u03c2 \u03b1\u03c0\u03b1\u03b9\u03c4\u03ae\u03c3\u03b5\u03b9\u03c2 \u03c0\u03bf\u03c5    <\/p><\/div><\/div>    <div class=\"wep-card-footer\">        <a target=\"_blank\" href=\"https:\/\/afscotedivoire.com\/fr\/%ce%b2%ce%ae%ce%bc%ce%b1-%cf%80%cf%81%ce%bf%cf%82-%ce%b2%ce%ae%ce%bc%ce%b1-%ce%bf%ce%b4%ce%b7%ce%b3%cf%8c%cf%82-%ce%b3%ce%b9%ce%b1-%cf%84%ce%b7%ce%bd-%ce%b5%ce%b3%ce%b3%cf%81%ce%b1%cf%86%ce%ae-%cf%83\/\" class=\"wep-btn wep-btn-primary\">En savoir plus<\/a>    <\/div><\/div><div class=\"wep-card\"><div class=\"wep-card-body\"><div class=\"wep-card-heading\">    <h4 class=\"wep-card-title\"  > <a href=\"https:\/\/afscotedivoire.com\/fr\/how-to-register-and-login-to-supabets-with-ease-and-security\/\">How to Register and Login to Supabets with Ease and Security<\/a>    <\/h4>    <div class=\"meta-data\" ><p>avril 11, 2026 | Author: cms_auth<\/p>    <\/div><\/div>    <div class=\"wep-card-text\" ><p>In this article, we will guide you through the straightforward process of registering and logging in to Supabets, ensuring that you do so with maximum ease and security. Whether you&#8217;re    <\/p><\/div><\/div>    <div class=\"wep-card-footer\">        <a target=\"_blank\" href=\"https:\/\/afscotedivoire.com\/fr\/how-to-register-and-login-to-supabets-with-ease-and-security\/\" class=\"wep-btn wep-btn-primary\">En savoir plus<\/a>    <\/div><\/div><div class=\"wep-card\"><div class=\"wep-card-body\"><div class=\"wep-card-heading\">    <h4 class=\"wep-card-title\"  > <a href=\"https:\/\/afscotedivoire.com\/fr\/jak-rozpoczac-swoja-przygode-z-magius-online-i-nie-popelnic-bledu\/\">Jak rozpocz\u0105\u0107 swoj\u0105 przygod\u0119 z magius online i nie pope\u0142ni\u0107 b\u0142\u0119du<\/a>    <\/h4>    <div class=\"meta-data\" ><p>avril 10, 2026 | Author: cms_auth<\/p>    <\/div><\/div>    <div class=\"wep-card-text\" ><p>W dzisiejszym artykule om\u00f3wimy, jak rozpocz\u0105\u0107 swoj\u0105 przygod\u0119 z casino magius, aby unikn\u0105\u0107 typowych b\u0142\u0119d\u00f3w, kt\u00f3re mog\u0105 przytrafi\u0107 si\u0119 nowym graczom. Przeanalizujemy r\u00f3\u017cne aspekty zwi\u0105zane z rejestracj\u0105, korzystaniem z aplikacji,    <\/p><\/div><\/div>    <div class=\"wep-card-footer\">        <a target=\"_blank\" href=\"https:\/\/afscotedivoire.com\/fr\/jak-rozpoczac-swoja-przygode-z-magius-online-i-nie-popelnic-bledu\/\" class=\"wep-btn wep-btn-primary\">En savoir plus<\/a>    <\/div><\/div><div class=\"wep-card\"><div class=\"wep-card-body\"><div class=\"wep-card-heading\">    <h4 class=\"wep-card-title\"  > <a href=\"https:\/\/afscotedivoire.com\/fr\/hoe-blaze-spins-casino-innovatie-in-de-gokwereld-brengt\/\">Hoe Blaze Spins Casino innovatie in de gokwereld brengt<\/a>    <\/h4>    <div class=\"meta-data\" ><p>avril 10, 2026 | Author: cms_auth<\/p>    <\/div><\/div>    <div class=\"wep-card-text\" ><p>In dit artikel onderzoeken we hoe blaze spins casino een nieuwe standaard zet in de online gokindustrie. We zullen kijken naar hun innovatieve benaderingen van spelontwerp, gebruikerservaring, en de integratie    <\/p><\/div><\/div>    <div class=\"wep-card-footer\">        <a target=\"_blank\" href=\"https:\/\/afscotedivoire.com\/fr\/hoe-blaze-spins-casino-innovatie-in-de-gokwereld-brengt\/\" class=\"wep-btn wep-btn-primary\">En savoir plus<\/a>    <\/div><\/div><div class=\"wep-card\"><div class=\"wep-card-body\"><div class=\"wep-card-heading\">    <h4 class=\"wep-card-title\"  > <a href=\"https:\/\/afscotedivoire.com\/fr\/estrategias-para-jugar-a-las-tragamonedas-en-jugabet-y-obtener-grandes-premios\/\">Estrategias para jugar a las tragamonedas en Jugabet y obtener grandes premios<\/a>    <\/h4>    <div class=\"meta-data\" ><p>avril 4, 2026 | Author: cms_auth<\/p>    <\/div><\/div>    <div class=\"wep-card-text\" ><p>En este art\u00edculo, exploraremos diversas estrategias para jugar a las tragamonedas en Jugabet, un casino online destacado en el mercado. Abordaremos aspectos clave como los tipos de bonos disponibles, la    <\/p><\/div><\/div>    <div class=\"wep-card-footer\">        <a target=\"_blank\" href=\"https:\/\/afscotedivoire.com\/fr\/estrategias-para-jugar-a-las-tragamonedas-en-jugabet-y-obtener-grandes-premios\/\" class=\"wep-btn wep-btn-primary\">En savoir plus<\/a>    <\/div><\/div><div class=\"wep-card\"><div class=\"wep-card-body\"><div class=\"wep-card-heading\">    <h4 class=\"wep-card-title\"  > <a href=\"https:\/\/afscotedivoire.com\/fr\/fairplay-game-strategieen-om-je-winkansen-te-vergroten\/\">Fairplay Game strategie\u00ebn om je winkansen te vergroten<\/a>    <\/h4>    <div class=\"meta-data\" ><p>avril 3, 2026 | Author: cms_auth<\/p>    <\/div><\/div>    <div class=\"wep-card-text\" ><p>In dit artikel verkennen we verschillende strategie\u00ebn die spelers kunnen toepassen om hun winkansen te vergroten in het fairplay casino. We bespreken hoe men slim kan spelen in een fairplay    <\/p><\/div><\/div>    <div class=\"wep-card-footer\">        <a target=\"_blank\" href=\"https:\/\/afscotedivoire.com\/fr\/fairplay-game-strategieen-om-je-winkansen-te-vergroten\/\" class=\"wep-btn wep-btn-primary\">En savoir plus<\/a>    <\/div><\/div><div class=\"wep-card\"><div class=\"wep-card-body\"><div class=\"wep-card-heading\">    <h4 class=\"wep-card-title\"  > <a href=\"https:\/\/afscotedivoire.com\/fr\/dreamplay-casino-die-wichtigsten-faktoren-fur-ein-sicheres-spielerlebnis\/\">Dreamplay Casino: Die wichtigsten Faktoren f\u00fcr ein sicheres Spielerlebnis<\/a>    <\/h4>    <div class=\"meta-data\" ><p>avril 3, 2026 | Author: cms_auth<\/p>    <\/div><\/div>    <div class=\"wep-card-text\" ><p>In diesem Artikel werden die entscheidenden Aspekte behandelt, die ein sicheres Spielerlebnis im dreamplay casino gew\u00e4hrleisten. Spieler m\u00fcssen sich in der digitalen Gl\u00fccksspielwelt wohl und sicher f\u00fchlen. Wir werden die    <\/p><\/div><\/div>    <div class=\"wep-card-footer\">        <a target=\"_blank\" href=\"https:\/\/afscotedivoire.com\/fr\/dreamplay-casino-die-wichtigsten-faktoren-fur-ein-sicheres-spielerlebnis\/\" class=\"wep-btn wep-btn-primary\">En savoir plus<\/a>    <\/div><\/div><\/div><\/div><nav class=\"pagination wep-pagination center\"><span aria-current=\"page\" class=\"page-numbers current\">1<\/span><a class=\"page-numbers\" href=\"https:\/\/afscotedivoire.com\/fr\/wp-json\/wp\/v2\/pages\/8895\/page\/2\/\">2<\/a><a class=\"page-numbers\" href=\"https:\/\/afscotedivoire.com\/fr\/wp-json\/wp\/v2\/pages\/8895\/page\/3\/\">3<\/a><span class=\"page-numbers dots\">\u2026<\/span><a class=\"page-numbers\" href=\"https:\/\/afscotedivoire.com\/fr\/wp-json\/wp\/v2\/pages\/8895\/page\/977\/\">977<\/a><a class=\"page-numbers\" href=\"https:\/\/afscotedivoire.com\/fr\/wp-json\/wp\/v2\/pages\/8895\/page\/2\/\">Suivant<\/a><\/nav><\/div><\/div><\/div>\n\n\n\n<div class=\"wp-block-uagb-container uagb-block-5bad30a3 alignfull uagb-is-root-container\">\n<div class=\"wp-block-uagb-container uagb-block-609a4eb7\">\n<div class=\"wp-block-uagb-info-box uagb-block-0ee045e7 uagb-infobox__content-wrap  uagb-infobox-icon-above-title uagb-infobox-image-valign-top\"><div class=\"uagb-ifb-content\"><div class=\"uagb-ifb-title-wrap\"><h3 class=\"uagb-ifb-title\">Format de l'\u00e9v\u00e9nement<\/h3><\/div><p class=\"uagb-ifb-desc\">L'\u00e9v\u00e9nement propose \u00e9galement un matchmaking B2B organis\u00e9 et un salon de r\u00e9seautage d\u00e9di\u00e9, mettant en relationles participants avec des acheteurs cl\u00e9s, des leaders de ladistribution et de lindustrie.<\/p><\/div><\/div>\n<\/div>\n\n\n\n<div class=\"wp-block-uagb-container uagb-block-2e894038\">\n<div class=\"wp-block-uagb-info-box uagb-block-56904a7c uagb-infobox__content-wrap  uagb-infobox-icon-above-title uagb-infobox-image-valign-top\"><div class=\"uagb-ifb-content\"><div class=\"uagb-ifb-title-wrap\"><h3 class=\"uagb-ifb-title\">Liens rapides<\/h3><\/div><p class=\"uagb-ifb-desc\">Accueil<br>\u00c0 propos<br>Exposition<br><a href=\"https:\/\/miegroups.com\/privacy-policy-terms-of-use\/\" target=\"_blank\" rel=\"noopener\" title=\"\">Privacy Policy &amp; Terms of Use<\/a><\/p><\/div><\/div>\n<\/div>\n\n\n\n<div class=\"wp-block-uagb-container uagb-layout-grid uagb-block-304581a2\">\n<div class=\"wp-block-uagb-info-box uagb-block-0d90ecf0 uagb-infobox__content-wrap  uagb-infobox-icon-above-title uagb-infobox-image-valign-top\"><div class=\"uagb-ifb-content\"><div class=\"uagb-ifb-title-wrap\"><h3 class=\"uagb-ifb-title\">Contactez-nous<\/h3><\/div><p class=\"uagb-ifb-desc\"><strong>Noel Puno<\/strong><br>Directeur _Ventes et projets internationaux<br>+971 50 269 7037<br>noel.puno@mieevents.com<\/p><\/div><\/div>\n\n\n\n<div class=\"wp-block-uagb-info-box uagb-block-f1e0fa1f uagb-infobox__content-wrap  uagb-infobox-icon-above-title uagb-infobox-image-valign-top\"><div class=\"uagb-ifb-content\"><div class=\"uagb-ifb-title-wrap\"><\/div><p class=\"uagb-ifb-desc\">Meloida Caridad<br>+ 971 4 425 3337<br>+971 58 960 591<br>www.miegroups.com<br>meloida.caridad@mail.mieevents.com<br><\/p><\/div><\/div>\n\n\n\n<div class=\"wp-block-uagb-info-box uagb-block-d04b1087 uagb-infobox__content-wrap  uagb-infobox-icon-above-title uagb-infobox-image-valign-top\"><div class=\"uagb-ifb-content\"><div class=\"uagb-ifb-title-wrap\"><\/div><p class=\"uagb-ifb-desc\"><strong>Abderrazak HILAL<br><\/strong>Directeur des ventes Maroc et Afrique de l\u2018Ouest<br>+212 663-76 21 59<br>abderrazak.hilal@mieevents.com<\/p><\/div><\/div>\n<\/div>\n<\/div>","protected":false},"excerpt":{"rendered":"","protected":false},"author":11,"featured_media":0,"parent":0,"menu_order":0,"comment_status":"closed","ping_status":"closed","template":"","meta":{"_uag_custom_page_level_css":"","site-sidebar-layout":"no-sidebar","site-content-layout":"plain-container","ast-site-content-layout":"normal-width-container","site-content-style":"unboxed","site-sidebar-style":"unboxed","ast-global-header-display":"","ast-banner-title-visibility":"","ast-main-header-display":"","ast-hfb-above-header-display":"","ast-hfb-below-header-display":"","ast-hfb-mobile-header-display":"","site-post-title":"disabled","ast-breadcrumbs-content":"","ast-featured-img":"disabled","footer-sml-layout":"","ast-disable-related-posts":"","theme-transparent-header-meta":"enabled","adv-header-id-meta":"","stick-header-meta":"","header-above-stick-meta":"","header-main-stick-meta":"","header-below-stick-meta":"","astra-migrate-meta-layouts":"set","ast-page-background-enabled":"default","ast-page-background-meta":{"desktop":{"background-color":"var(--ast-global-color-4)","background-image":"","background-repeat":"repeat","background-position":"center center","background-size":"auto","background-attachment":"scroll","background-type":"","background-media":"","overlay-type":"","overlay-color":"","overlay-opacity":"","overlay-gradient":""},"tablet":{"background-color":"","background-image":"","background-repeat":"repeat","background-position":"center center","background-size":"auto","background-attachment":"scroll","background-type":"","background-media":"","overlay-type":"","overlay-color":"","overlay-opacity":"","overlay-gradient":""},"mobile":{"background-color":"","background-image":"","background-repeat":"repeat","background-position":"center center","background-size":"auto","background-attachment":"scroll","background-type":"","background-media":"","overlay-type":"","overlay-color":"","overlay-opacity":"","overlay-gradient":""}},"ast-content-background-meta":{"desktop":{"background-color":"var(--ast-global-color-5)","background-image":"","background-repeat":"repeat","background-position":"center center","background-size":"auto","background-attachment":"scroll","background-type":"","background-media":"","overlay-type":"","overlay-color":"","overlay-opacity":"","overlay-gradient":""},"tablet":{"background-color":"var(--ast-global-color-5)","background-image":"","background-repeat":"repeat","background-position":"center center","background-size":"auto","background-attachment":"scroll","background-type":"","background-media":"","overlay-type":"","overlay-color":"","overlay-opacity":"","overlay-gradient":""},"mobile":{"background-color":"var(--ast-global-color-5)","background-image":"","background-repeat":"repeat","background-position":"center center","background-size":"auto","background-attachment":"scroll","background-type":"","background-media":"","overlay-type":"","overlay-color":"","overlay-opacity":"","overlay-gradient":""}},"footnotes":"","_links_to":"","_links_to_target":""},"class_list":["post-8895","page","type-page","status-publish","hentry"],"featured_image_url":[],"post_author":"Ravi","assigned_categories":"","aioseo_notices":[],"uagb_featured_image_src":{"full":false,"thumbnail":false,"medium":false,"medium_large":false,"large":false,"1536x1536":false,"2048x2048":false,"trp-custom-language-flag":false},"uagb_author_info":{"display_name":"Ravi","author_link":"https:\/\/afscotedivoire.com\/fr\/author\/ravi\/"},"uagb_comment_info":0,"uagb_excerpt":null,"_links":{"self":[{"href":"https:\/\/afscotedivoire.com\/fr\/wp-json\/wp\/v2\/pages\/8895","targetHints":{"allow":["GET"]}}],"collection":[{"href":"https:\/\/afscotedivoire.com\/fr\/wp-json\/wp\/v2\/pages"}],"about":[{"href":"https:\/\/afscotedivoire.com\/fr\/wp-json\/wp\/v2\/types\/page"}],"author":[{"embeddable":true,"href":"https:\/\/afscotedivoire.com\/fr\/wp-json\/wp\/v2\/users\/11"}],"replies":[{"embeddable":true,"href":"https:\/\/afscotedivoire.com\/fr\/wp-json\/wp\/v2\/comments?post=8895"}],"version-history":[{"count":5,"href":"https:\/\/afscotedivoire.com\/fr\/wp-json\/wp\/v2\/pages\/8895\/revisions"}],"predecessor-version":[{"id":9101,"href":"https:\/\/afscotedivoire.com\/fr\/wp-json\/wp\/v2\/pages\/8895\/revisions\/9101"}],"wp:attachment":[{"href":"https:\/\/afscotedivoire.com\/fr\/wp-json\/wp\/v2\/media?parent=8895"}],"curies":[{"name":"wp","href":"https:\/\/api.w.org\/{rel}","templated":true}]}}